{"id":2942,"date":"2020-08-21T13:03:47","date_gmt":"2020-08-21T13:03:47","guid":{"rendered":"https:\/\/westwelding.fi\/tietosuojaseloste"},"modified":"2024-06-06T16:31:44","modified_gmt":"2024-06-06T13:31:44","slug":"dataskyddsbeskrivning","status":"publish","type":"page","link":"https:\/\/westwelding.fi\/sv\/dataskyddsbeskrivning","title":{"rendered":"Dataskyddsbeskrivning"},"content":{"rendered":"[vc_row type=&#8221;full_width_background&#8221; full_screen_row_position=&#8221;middle&#8221; column_margin=&#8221;default&#8221; column_direction=&#8221;default&#8221; column_direction_tablet=&#8221;default&#8221; column_direction_phone=&#8221;default&#8221; bg_color=&#8221;#f7f7f7&#8243; scene_position=&#8221;center&#8221; text_color=&#8221;dark&#8221; text_align=&#8221;left&#8221; row_border_radius=&#8221;none&#8221; row_border_radius_applies=&#8221;bg&#8221; overflow=&#8221;visible&#8221; overlay_strength=&#8221;0.3&#8243; gradient_direction=&#8221;left_to_right&#8221; shape_divider_position=&#8221;bottom&#8221; bg_image_animation=&#8221;none&#8221; shape_type=&#8221;&#8221;][vc_column column_padding=&#8221;no-extra-padding&#8221; column_padding_tablet=&#8221;inherit&#8221; column_padding_phone=&#8221;inherit&#8221; column_padding_position=&#8221;all&#8221; column_element_direction_desktop=&#8221;default&#8221; column_element_spacing=&#8221;default&#8221; desktop_text_alignment=&#8221;default&#8221; tablet_text_alignment=&#8221;default&#8221; phone_text_alignment=&#8221;default&#8221; background_color_opacity=&#8221;1&#8243; background_hover_color_opacity=&#8221;1&#8243; column_backdrop_filter=&#8221;none&#8221; column_shadow=&#8221;none&#8221; column_border_radius=&#8221;none&#8221; column_link_target=&#8221;_self&#8221; column_position=&#8221;default&#8221; gradient_direction=&#8221;left_to_right&#8221; overlay_strength=&#8221;0.3&#8243; width=&#8221;1\/6&#8243; tablet_width_inherit=&#8221;default&#8221; animation_type=&#8221;default&#8221; bg_image_animation=&#8221;none&#8221; border_type=&#8221;simple&#8221; column_border_width=&#8221;none&#8221; column_border_style=&#8221;solid&#8221;][\/vc_column][vc_column column_padding=&#8221;padding-5-percent&#8221; column_padding_tablet=&#8221;inherit&#8221; column_padding_phone=&#8221;inherit&#8221; column_padding_position=&#8221;all&#8221; top_margin=&#8221;5%&#8221; constrain_group_1=&#8221;yes&#8221; bottom_margin=&#8221;5%&#8221; column_element_direction_desktop=&#8221;default&#8221; column_element_spacing=&#8221;default&#8221; desktop_text_alignment=&#8221;default&#8221; tablet_text_alignment=&#8221;default&#8221; phone_text_alignment=&#8221;default&#8221; background_color_opacity=&#8221;1&#8243; background_hover_color_opacity=&#8221;1&#8243; column_backdrop_filter=&#8221;none&#8221; column_shadow=&#8221;small_depth&#8221; column_border_radius=&#8221;none&#8221; column_link_target=&#8221;_self&#8221; column_position=&#8221;default&#8221; gradient_direction=&#8221;left_to_right&#8221; overlay_strength=&#8221;0.3&#8243; width=&#8221;2\/3&#8243; tablet_width_inherit=&#8221;default&#8221; animation_type=&#8221;default&#8221; bg_image_animation=&#8221;none&#8221; border_type=&#8221;simple&#8221; column_border_width=&#8221;none&#8221; column_border_style=&#8221;solid&#8221;][vc_custom_heading text=&#8221;Dataskydds\u00adbeskrivning&#8221; font_container=&#8221;tag:h1|text_align:left&#8221; use_theme_fonts=&#8221;yes&#8221;][divider line_type=&#8221;No Line&#8221;][vc_column_text css=&#8221;&#8221; text_direction=&#8221;default&#8221;]<strong>Dataskyddsbeskrivning f\u00f6r West Welding Oy:s webbplats<\/strong><\/p>\n<p>Senast uppdaterad 6.6.2024<\/p>\n<p>Denna dataskyddsbeskrivning g\u00e4ller webbplatsen westwelding.fi. West Welding har i sin verksamhet f\u00f6rbundit sig till att trygga dina personuppgifter och skydda din integritet. Denna dataskyddsbeskrivning ger dig mer information om hur personuppgifter samlas in p\u00e5 webbplatsen och i vilken omfattning de samlas in. Du godk\u00e4nner inneh\u00e5llet i denna dataskyddsbeskrivning genom att anv\u00e4nda v\u00e5r webbplats. Vi kan vid behov g\u00f6ra \u00e4ndringar i denna dataskyddsbeskrivning, och du f\u00e5r aktuell information om behandlingen av personuppgifter p\u00e5 v\u00e5r webbplats genom att bes\u00f6ka v\u00e5r webbplats.<\/p>\n<p><strong>1.Personuppgiftsansvarig<\/strong><\/p>\n<p>West Welding Oy<br \/>\nTeollisuustie 2<br \/>\n64700 Teuva<br \/>\nFinland<\/p>\n<p>2380653-3<br \/>\n<a href=\"http:\/\/www.westwelding.fi\">www.westwelding.fi<\/a><\/p>\n<p><strong>2. Registrets namn och kontaktperson<\/strong><\/p>\n<p>Registrets namn: Dataskyddsbeskrivning f\u00f6r West Welding Oy:s webbplats<\/p>\n<p>Kontaktperson med ansvar f\u00f6r registret:<\/p>\n<p>Joni Kangasm\u00e4ki<\/p>\n<p>West Welding Oy<br \/>\nAhertajankuja 6<br \/>\n60100 Sein\u00e4joki<br \/>\nFinland<\/p>\n<p><a href=\"mailto:joni.kangasmaki@westwelding.fi\">joni.kangasmaki@westwelding.fi<\/a><\/p>\n<p><strong>3. \u00c4ndam\u00e5l och r\u00e4ttslig grund f\u00f6r behandling av personuppgifter<\/strong><\/p>\n<p>Med personuppgifter avses alla uppgifter som finns i registret, som e-postadress, namn, adress eller f\u00f6retagsnamn, utifr\u00e5n vilka en person kan identifieras direkt eller indirekt. West Welding behandlar personuppgifter fr\u00e5n fall till fall f\u00f6r syften som h\u00e4nf\u00f6r sig till f\u00f6rs\u00e4ljning, marknadsf\u00f6ring, rekrytering, m\u00e4tning av kundn\u00f6jdhet och optimering av webbplatsens anv\u00e4ndarupplevelse.<\/p>\n<p><strong>4. Uppgifter som samlas in i registret<\/strong><\/p>\n<p>I West Welding Oy:s register insamlas i allm\u00e4nhet f\u00f6ljande uppgifter:<\/p>\n<ul>\n<li>e-postadress<\/li>\n<li>telefonnummer<\/li>\n<li>personens namn<\/li>\n<li>personens titel<\/li>\n<li>f\u00f6retag eller organisation som personen h\u00e4nf\u00f6r sig till<\/li>\n<li>eventuella andra uppgifter som personen sj\u00e4lv anger<\/li>\n<\/ul>\n<p><strong>5. Kakor, webbplatsanalys och anv\u00e4ndarsp\u00e5rning<\/strong><\/p>\n<p>Vi anv\u00e4nder kakor (\u201dcookies\u201d) p\u00e5 v\u00e5r webbplats. Kakor \u00e4r sm\u00e5 textfiler som skickas till anv\u00e4ndarens enhet. Kakorna skadar inte anv\u00e4ndarens dator eller filer. Syftet med kakorna \u00e4r att f\u00f6rb\u00e4ttra och anpassa bes\u00f6karens anv\u00e4ndarupplevelse, st\u00f6dja egenskaper inom sociala medier samt m\u00e4ta och analysera webbplatsbes\u00f6karna. Observera att om du blockerar kakorna kan det p\u00e5verka webbplatsens funktion.<\/p>\n<p><strong>Anv\u00e4ndarsp\u00e5rning<\/strong><\/p>\n<p>V\u00e5r webbplats anv\u00e4nder teknologier fr\u00e5n Dealfront (Liidio Oy som en del av Dealfront Group GmbH) (&#8220;Dealfront&#8221;) f\u00f6r att analysera bes\u00f6kares beteende.<\/p>\n<p>I denna process behandlas bes\u00f6karens IP-adress.<\/p>\n<p>Denna behandling har som syfte att hj\u00e4lpa oss att f\u00f6rst\u00e5 vilka f\u00f6retag (B2B) som bes\u00f6ker v\u00e5r webbplats, genom att berika IP-adresser med associerad information s\u00e5som f\u00f6retagsnamn eller branschkod.<\/p>\n<p>F\u00f6r att g\u00f6ra detta, i b\u00f6rjan av bes\u00f6karens session, matchas deras IP-adress och motsvarande sessiondata mot en stor vitlista av k\u00e4nda f\u00f6retag.<\/p>\n<p><strong>6. Skydd och lagring av personuppgifter<\/strong><\/p>\n<p>Vid behandlingen av personuppgifter iakttas s\u00e4rskild noggrannhet. Uppgifter som behandlas med hj\u00e4lp av informationssystem skyddas p\u00e5 beh\u00f6rigt s\u00e4tt med brandv\u00e4ggar och l\u00f6senord. Dessutom behandlas personuppgifter endast av personer som beh\u00f6ver uppgifterna f\u00f6r de \u00e4ndam\u00e5l f\u00f6r vilka uppgifter samlas in.<\/p>\n<p>West Welding lagrar personuppgifter s\u00e5 l\u00e4nge som de beh\u00f6vs f\u00f6r de \u00e4ndam\u00e5l f\u00f6r vilka de insamlades. West Welding bed\u00f6mer regelbundet om det \u00e4r n\u00f6dv\u00e4ndigt att lagra personuppgifter och g\u00f6r \u00e4ndringar och r\u00e4ttelser i f\u00f6r\u00e5ldrade uppgifter.<\/p>\n<p><strong>7. Utl\u00e4mning av uppgifter och \u00f6verf\u00f6ring av uppgifter utanf\u00f6r EU eller EES<\/strong><\/p>\n<p>Vi anlitar tredjepartsleverant\u00f6rer p\u00e5 v\u00e5r webbplats f\u00f6r att tillhandah\u00e5lla en b\u00e4ttre service.\u00a0 Dessa leverant\u00f6rer har f\u00f6rbundit sig till att anv\u00e4nda personuppgifter endast f\u00f6r att genomf\u00f6ra de tj\u00e4nster som best\u00e4llts fr\u00e5n leverant\u00f6rerna.<\/p>\n<p>Uppgifterna \u00f6verf\u00f6rs i regel inte utanf\u00f6r Europeiska unionens medlemsstaters territorium eller Europeiska ekonomiska samarbetsomr\u00e5det, om det inte \u00e4r n\u00f6dv\u00e4ndigt med tanke p\u00e5 de ovan n\u00e4mnda \u00e4ndam\u00e5len med behandlingen av personuppgifter eller det tekniska genomf\u00f6randet av behandlingen av uppgifterna, varvid kraven i personuppgiftslagstiftningen iakttas vid \u00f6verf\u00f6ringen av uppgifterna.<\/p>\n<p><strong>8. R\u00e4ttigheter i samband med behandling av personuppgifter<\/strong><\/p>\n<p>Personer som inf\u00f6rts i registret har r\u00e4tt att f\u00e5 veta vilka uppgifter om dem som har samlats in i registret samt att beg\u00e4ra att felaktiga eller f\u00f6r\u00e5ldrade uppgifter r\u00e4ttas. En person som inf\u00f6rts i registret har ocks\u00e5 r\u00e4tt att be att alla uppgifter som g\u00e4ller honom eller henne raderas fr\u00e5n registret. Om du vill granska de personuppgifter som insamlats om dig eller be att de ska raderas, kontakta kontaktpersonen som ansvarar f\u00f6r registret. Kontaktpersonens kontaktuppgifter finns i punkt tv\u00e5 (2).<\/p>\n<p>En person som inf\u00f6rts i registret kan f\u00f6rbjuda elektronisk marknadsf\u00f6ringskommunikation, om s\u00e5 \u00f6nskas. Elektronisk marknadsf\u00f6ringskommunikation f\u00f6rbjuds via en l\u00e4nk som ing\u00e5r i marknadsf\u00f6ringsmeddelanden.<\/p>\n<p>Den registrerade har ocks\u00e5 r\u00e4tt att l\u00e4mna in ett klagom\u00e5l till en tillsynsmyndighet om den registrerade anser att behandlingen av personuppgifterna om honom eller henne strider mot best\u00e4mmelserna i EU:s dataskyddsf\u00f6rordning. I Finland \u00e4r tillsynsmyndigheten Dataombudsmannen (<a href=\"mailto:tietosuoja@om.fi\">tietosuoja@om.fi<\/a>).<\/p>\n<p><strong>9. R\u00e4tt att \u00e4ndra dataskyddsbeskrivningen<\/strong><\/p>\n<p>Vi f\u00f6rbeh\u00e5ller oss r\u00e4tten att g\u00f6ra \u00e4ndringar i denna dataskyddsbeskrivning. Vi ser regelbundet \u00f6ver v\u00e5r dataskyddsbeskrivning. Du f\u00e5r aktuell information om behandlingen av personuppgifter p\u00e5 v\u00e5r webbplats genom att bes\u00f6ka v\u00e5r webbplats.[\/vc_column_text][\/vc_column][vc_column column_padding=&#8221;no-extra-padding&#8221; column_padding_tablet=&#8221;inherit&#8221; column_padding_phone=&#8221;inherit&#8221; column_padding_position=&#8221;all&#8221; column_element_direction_desktop=&#8221;default&#8221; column_element_spacing=&#8221;default&#8221; desktop_text_alignment=&#8221;default&#8221; tablet_text_alignment=&#8221;default&#8221; phone_text_alignment=&#8221;default&#8221; background_color_opacity=&#8221;1&#8243; background_hover_color_opacity=&#8221;1&#8243; column_backdrop_filter=&#8221;none&#8221; column_shadow=&#8221;none&#8221; column_border_radius=&#8221;none&#8221; column_link_target=&#8221;_self&#8221; column_position=&#8221;default&#8221; gradient_direction=&#8221;left_to_right&#8221; overlay_strength=&#8221;0.3&#8243; width=&#8221;1\/6&#8243; tablet_width_inherit=&#8221;default&#8221; animation_type=&#8221;default&#8221; bg_image_animation=&#8221;none&#8221; border_type=&#8221;simple&#8221; column_border_width=&#8221;none&#8221; column_border_style=&#8221;solid&#8221;][\/vc_column][\/vc_row]\n","protected":false},"excerpt":{"rendered":"<p>[vc_row type=&#8221;full_width_background&#8221; full_screen_row_position=&#8221;middle&#8221; column_margin=&#8221;default&#8221; column_direction=&#8221;default&#8221; column_direction_tablet=&#8221;default&#8221; column_direction_phone=&#8221;default&#8221; bg_color=&#8221;#f7f7f7&#8243; scene_position=&#8221;center&#8221; text_color=&#8221;dark&#8221; text_align=&#8221;left&#8221; row_border_radius=&#8221;none&#8221; row_border_radius_applies=&#8221;bg&#8221; overflow=&#8221;visible&#8221; overlay_strength=&#8221;0.3&#8243; gradient_direction=&#8221;left_to_right&#8221; shape_divider_position=&#8221;bottom&#8221; bg_image_animation=&#8221;none&#8221; shape_type=&#8221;&#8221;][vc_column column_padding=&#8221;no-extra-padding&#8221; column_padding_tablet=&#8221;inherit&#8221;&#8230;<\/p>\n","protected":false},"author":1,"featured_media":0,"parent":0,"menu_order":38,"comment_status":"closed","ping_status":"closed","template":"","meta":{"footnotes":""},"class_list":["post-2942","page","type-page","status-publish"],"_links":{"self":[{"href":"https:\/\/westwelding.fi\/sv\/wp-json\/wp\/v2\/pages\/2942","targetHints":{"allow":["GET"]}}],"collection":[{"href":"https:\/\/westwelding.fi\/sv\/wp-json\/wp\/v2\/pages"}],"about":[{"href":"https:\/\/westwelding.fi\/sv\/wp-json\/wp\/v2\/types\/page"}],"author":[{"embeddable":true,"href":"https:\/\/westwelding.fi\/sv\/wp-json\/wp\/v2\/users\/1"}],"replies":[{"embeddable":true,"href":"https:\/\/westwelding.fi\/sv\/wp-json\/wp\/v2\/comments?post=2942"}],"version-history":[{"count":4,"href":"https:\/\/westwelding.fi\/sv\/wp-json\/wp\/v2\/pages\/2942\/revisions"}],"predecessor-version":[{"id":3813,"href":"https:\/\/westwelding.fi\/sv\/wp-json\/wp\/v2\/pages\/2942\/revisions\/3813"}],"wp:attachment":[{"href":"https:\/\/westwelding.fi\/sv\/wp-json\/wp\/v2\/media?parent=2942"}],"curies":[{"name":"wp","href":"https:\/\/api.w.org\/{rel}","templated":true}]}}