{"id":2931,"date":"2020-11-23T14:29:30","date_gmt":"2020-11-23T12:29:30","guid":{"rendered":"https:\/\/westwelding.fi\/tyopaikat"},"modified":"2023-08-09T13:24:05","modified_gmt":"2023-08-09T10:24:05","slug":"arbetsplatser","status":"publish","type":"page","link":"https:\/\/westwelding.fi\/sv\/foretag\/arbetsplatser","title":{"rendered":"Arbetsplatser"},"content":{"rendered":"[vc_row type=&#8221;full_width_background&#8221; full_screen_row_position=&#8221;middle&#8221; column_margin=&#8221;default&#8221; equal_height=&#8221;yes&#8221; content_placement=&#8221;middle&#8221; column_direction=&#8221;default&#8221; column_direction_tablet=&#8221;default&#8221; column_direction_phone=&#8221;default&#8221; bg_image=&#8221;19&#8243; bg_position=&#8221;center center&#8221; background_image_loading=&#8221;default&#8221; bg_repeat=&#8221;no-repeat&#8221; scene_position=&#8221;center&#8221; top_padding=&#8221;12%&#8221; bottom_padding=&#8221;8%&#8221; text_color=&#8221;dark&#8221; text_align=&#8221;left&#8221; row_border_radius=&#8221;none&#8221; row_border_radius_applies=&#8221;bg&#8221; overflow=&#8221;visible&#8221; color_overlay=&#8221;#000000&#8243; overlay_strength=&#8221;0.5&#8243; gradient_direction=&#8221;left_to_right&#8221; shape_divider_color=&#8221;#ffffff&#8221; shape_divider_position=&#8221;bottom&#8221; shape_divider_height=&#8221;125&#8243; bg_image_animation=&#8221;none&#8221; shape_type=&#8221;triangle&#8221;][vc_column column_padding=&#8221;no-extra-padding&#8221; column_padding_tablet=&#8221;inherit&#8221; column_padding_phone=&#8221;inherit&#8221; column_padding_position=&#8221;all&#8221; column_element_direction_desktop=&#8221;default&#8221; column_element_spacing=&#8221;default&#8221; desktop_text_alignment=&#8221;default&#8221; tablet_text_alignment=&#8221;default&#8221; phone_text_alignment=&#8221;default&#8221; background_color_opacity=&#8221;1&#8243; background_hover_color_opacity=&#8221;1&#8243; column_backdrop_filter=&#8221;none&#8221; column_shadow=&#8221;none&#8221; column_border_radius=&#8221;none&#8221; column_link_target=&#8221;_self&#8221; column_position=&#8221;default&#8221; gradient_direction=&#8221;left_to_right&#8221; overlay_strength=&#8221;0.3&#8243; width=&#8221;1\/1&#8243; tablet_width_inherit=&#8221;default&#8221; animation_type=&#8221;default&#8221; bg_image_animation=&#8221;none&#8221; border_type=&#8221;simple&#8221; column_border_width=&#8221;none&#8221; column_border_style=&#8221;solid&#8221;][vc_custom_heading text=&#8221;Arbetsplatser&#8221; font_container=&#8221;tag:h1|text_align:left|color:%23ffffff&#8221; use_theme_fonts=&#8221;yes&#8221;][vc_custom_heading text=&#8221;BLI EN DEL AV V\u00c5RT TEAM&#8221; font_container=&#8221;tag:h3|text_align:left|color:%23ffffff&#8221; use_theme_fonts=&#8221;yes&#8221;][nectar_btn size=&#8221;jumbo&#8221; button_style=&#8221;regular&#8221; button_color_2=&#8221;Accent-Color&#8221; icon_family=&#8221;default_arrow&#8221; text=&#8221;L\u00e4s mer&#8221; margin_top=&#8221;30&#8243; url=&#8221;#foretag&#8221; margin_right=&#8221;20&#8243;][nectar_btn size=&#8221;jumbo&#8221; button_style=&#8221;see-through&#8221; button_color_2=&#8221;Accent-Color&#8221; color_override=&#8221;#ffffff&#8221; icon_family=&#8221;default_arrow&#8221; text=&#8221;F\u00f6retag&#8221; margin_top=&#8221;30&#8243; url=&#8221;\/sv\/foretag&#8221; margin_right=&#8221;20&#8243;][\/vc_column][\/vc_row][vc_row type=&#8221;full_width_content&#8221; full_screen_row_position=&#8221;middle&#8221; column_margin=&#8221;default&#8221; equal_height=&#8221;yes&#8221; content_placement=&#8221;middle&#8221; column_direction=&#8221;default&#8221; column_direction_tablet=&#8221;default&#8221; column_direction_phone=&#8221;default&#8221; bg_color=&#8221;rgba(255,255,255,0.28)&#8221; scene_position=&#8221;center&#8221; text_color=&#8221;dark&#8221; text_align=&#8221;left&#8221; row_border_radius=&#8221;none&#8221; row_border_radius_applies=&#8221;bg&#8221; overflow=&#8221;visible&#8221; id=&#8221;foretag&#8221; advanced_gradient_angle=&#8221;0&#8243; overlay_strength=&#8221;0.3&#8243; gradient_direction=&#8221;left_to_right&#8221; shape_divider_position=&#8221;bottom&#8221; bg_image_animation=&#8221;none&#8221; shape_type=&#8221;&#8221; gradient_type=&#8221;default&#8221;][vc_column column_padding=&#8221;padding-10-percent&#8221; column_padding_tablet=&#8221;inherit&#8221; column_padding_phone=&#8221;inherit&#8221; column_padding_position=&#8221;all&#8221; column_element_direction_desktop=&#8221;default&#8221; column_element_spacing=&#8221;default&#8221; desktop_text_alignment=&#8221;default&#8221; tablet_text_alignment=&#8221;default&#8221; phone_text_alignment=&#8221;default&#8221; background_color_opacity=&#8221;1&#8243; background_hover_color_opacity=&#8221;1&#8243; column_backdrop_filter=&#8221;none&#8221; column_shadow=&#8221;none&#8221; column_border_radius=&#8221;none&#8221; column_link_target=&#8221;_self&#8221; column_position=&#8221;default&#8221; gradient_direction=&#8221;left_to_right&#8221; overlay_strength=&#8221;0.3&#8243; width=&#8221;2\/3&#8243; tablet_width_inherit=&#8221;default&#8221; animation_type=&#8221;default&#8221; bg_image_animation=&#8221;none&#8221; border_type=&#8221;simple&#8221; column_border_width=&#8221;none&#8221; column_border_style=&#8221;solid&#8221;][vc_row_inner column_margin=&#8221;default&#8221; column_direction=&#8221;default&#8221; column_direction_tablet=&#8221;default&#8221; column_direction_phone=&#8221;default&#8221; text_align=&#8221;left&#8221; row_position=&#8221;default&#8221; row_position_tablet=&#8221;inherit&#8221; row_position_phone=&#8221;inherit&#8221; overflow=&#8221;visible&#8221; pointer_events=&#8221;all&#8221;][vc_column_inner column_padding=&#8221;no-extra-padding&#8221; column_padding_tablet=&#8221;inherit&#8221; column_padding_phone=&#8221;inherit&#8221; column_padding_position=&#8221;all&#8221; column_element_direction_desktop=&#8221;default&#8221; column_element_spacing=&#8221;default&#8221; desktop_text_alignment=&#8221;default&#8221; tablet_text_alignment=&#8221;default&#8221; phone_text_alignment=&#8221;default&#8221; background_color_opacity=&#8221;1&#8243; background_hover_color_opacity=&#8221;1&#8243; column_backdrop_filter=&#8221;none&#8221; column_shadow=&#8221;none&#8221; column_border_radius=&#8221;none&#8221; column_link_target=&#8221;_self&#8221; overflow=&#8221;visible&#8221; gradient_direction=&#8221;left_to_right&#8221; overlay_strength=&#8221;0.3&#8243; width=&#8221;1\/1&#8243; tablet_width_inherit=&#8221;default&#8221; animation_type=&#8221;default&#8221; enable_animation=&#8221;true&#8221; animation=&#8221;fade-in-from-bottom&#8221; animation_easing=&#8221;default&#8221; bg_image_animation=&#8221;none&#8221; border_type=&#8221;simple&#8221; column_border_width=&#8221;none&#8221; column_border_style=&#8221;solid&#8221;][vc_custom_heading text=&#8221;F\u00f6retag&#8221; font_container=&#8221;tag:h5|text_align:left|color:%23bfbfbf&#8221; use_theme_fonts=&#8221;yes&#8221; css=&#8221;.vc_custom_1691576503075{margin-bottom: 10px !important;}&#8221;][vc_custom_heading text=&#8221;West Welding som arbetsgivare&#8221; use_theme_fonts=&#8221;yes&#8221;][divider line_type=&#8221;No Line&#8221; custom_height=&#8221;30&#8243;][vc_column_text]West Welding \u00e4r ett finl\u00e4ndskt f\u00f6retag som specialiserar sig p\u00e5 stora och kr\u00e4vande tryckb\u00e4rande anordningar. Vi \u00e4r ett internationellt verksamt f\u00f6retag som fokuserar p\u00e5 projektverksamhet och erbjuder kunderna en helt\u00e4ckande service. Hos oss f\u00e5r du arbeta med intressanta projekt inom process- och energiindustrin. V\u00e5ra projekt och produkter siktar ofta mot att \u00f6ka energieffektiviteten eller hantera utsl\u00e4ppen inom f\u00f6retag.<\/p>\n<p>Hos West Welding \u00e4r du en del av en n\u00e4ra sammanv\u00e4vd, \u00f6ppen och avslappnad arbetsgemenskap, d\u00e4r vi arbetar p\u00e5 allvar men inte allvarligt. I f\u00f6retaget syns resultatet av ditt arbete och din insats g\u00f6r skillnad. Kom med i v\u00e5r arbetsgemenskap d\u00e4r vi sk\u00f6ter saker smidigt![\/vc_column_text][divider line_type=&#8221;No Line&#8221; custom_height=&#8221;30&#8243;][vc_video link=&#8221;https:\/\/vimeo.com\/542075751&#8243; el_width=&#8221;60&#8243;][divider line_type=&#8221;No Line&#8221; custom_height=&#8221;30&#8243;][\/vc_column_inner][\/vc_row_inner][\/vc_column][vc_column column_padding=&#8221;no-extra-padding&#8221; column_padding_tablet=&#8221;inherit&#8221; column_padding_phone=&#8221;inherit&#8221; column_padding_position=&#8221;all&#8221; column_element_direction_desktop=&#8221;default&#8221; column_element_spacing=&#8221;default&#8221; desktop_text_alignment=&#8221;default&#8221; tablet_text_alignment=&#8221;default&#8221; phone_text_alignment=&#8221;default&#8221; background_color_opacity=&#8221;1&#8243; background_hover_color_opacity=&#8221;1&#8243; background_image=&#8221;221&#8243; background_image_position=&#8221;center center&#8221; background_image_stacking=&#8221;default&#8221; enable_bg_scale=&#8221;true&#8221; background_image_loading=&#8221;default&#8221; column_backdrop_filter=&#8221;none&#8221; column_shadow=&#8221;none&#8221; column_border_radius=&#8221;none&#8221; column_link_target=&#8221;_self&#8221; column_position=&#8221;default&#8221; advanced_gradient_angle=&#8221;0&#8243; gradient_direction=&#8221;left_to_right&#8221; overlay_strength=&#8221;0.3&#8243; width=&#8221;1\/3&#8243; tablet_width_inherit=&#8221;default&#8221; animation_type=&#8221;default&#8221; bg_image_animation=&#8221;none&#8221; border_type=&#8221;simple&#8221; column_border_width=&#8221;none&#8221; column_border_style=&#8221;solid&#8221; gradient_type=&#8221;default&#8221;][divider line_type=&#8221;No Line&#8221; custom_height=&#8221;500&#8243;][\/vc_column][\/vc_row][vc_row type=&#8221;full_width_content&#8221; full_screen_row_position=&#8221;middle&#8221; column_margin=&#8221;default&#8221; equal_height=&#8221;yes&#8221; column_direction=&#8221;default&#8221; column_direction_tablet=&#8221;default&#8221; column_direction_phone=&#8221;default&#8221; bg_color=&#8221;#ffffff&#8221; scene_position=&#8221;center&#8221; text_color=&#8221;custom&#8221; custom_text_color=&#8221;#000000&#8243; text_align=&#8221;left&#8221; row_border_radius=&#8221;none&#8221; row_border_radius_applies=&#8221;bg&#8221; overflow=&#8221;hidden&#8221; id=&#8221;tyohakemus&#8221; disable_element=&#8221;yes&#8221; advanced_gradient_angle=&#8221;0&#8243; overlay_strength=&#8221;0.8&#8243; gradient_direction=&#8221;left_to_right&#8221; shape_divider_position=&#8221;bottom&#8221; bg_image_animation=&#8221;none&#8221; shape_type=&#8221;&#8221; gradient_type=&#8221;default&#8221;][vc_column column_padding=&#8221;padding-5-percent&#8221; column_padding_tablet=&#8221;inherit&#8221; column_padding_phone=&#8221;inherit&#8221; column_padding_position=&#8221;all&#8221; column_element_direction_desktop=&#8221;default&#8221; column_element_spacing=&#8221;default&#8221; desktop_text_alignment=&#8221;default&#8221; tablet_text_alignment=&#8221;default&#8221; phone_text_alignment=&#8221;default&#8221; background_color_opacity=&#8221;1&#8243; background_hover_color_opacity=&#8221;1&#8243; column_backdrop_filter=&#8221;none&#8221; column_shadow=&#8221;none&#8221; column_border_radius=&#8221;none&#8221; column_link_target=&#8221;_self&#8221; column_position=&#8221;default&#8221; gradient_direction=&#8221;left_to_right&#8221; overlay_strength=&#8221;0.3&#8243; width=&#8221;1\/1&#8243; tablet_width_inherit=&#8221;default&#8221; animation_type=&#8221;default&#8221; bg_image_animation=&#8221;none&#8221; border_type=&#8221;simple&#8221; column_border_width=&#8221;none&#8221; column_border_style=&#8221;solid&#8221;][nectar_cta btn_style=&#8221;see-through&#8221; heading_tag=&#8221;h4&#8243; button_color=&#8221;default&#8221; text_color=&#8221;#e30613&#8243; button_border_thickness=&#8221;0px&#8221; link_type=&#8221;regular&#8221; alignment=&#8221;left&#8221; alignment_tablet=&#8221;default&#8221; alignment_phone=&#8221;default&#8221; display=&#8221;block&#8221; display_tablet=&#8221;inherit&#8221; display_phone=&#8221;inherit&#8221; link_text=&#8221;Avoin ty\u00f6paikka: MIG\/MAG-hitsaaja&#8221; url=&#8221;#tyohakemus&#8221;][nectar_animated_title heading_tag=&#8221;h4&#8243; style=&#8221;color-strip-reveal&#8221; color=&#8221;Accent-Color&#8221; text=&#8221;Avoimet ty\u00f6paikat&#8221;][divider line_type=&#8221;No Line&#8221;][toggles style=&#8221;default&#8221; border_radius=&#8221;none&#8221;][toggle color=&#8221;Default&#8221; heading_tag=&#8221;default&#8221; heading_tag_functionality=&#8221;default&#8221; title=&#8221;MIG\/MAG-hitsaaja (vakituinen, kokoaikainen tai oppisopimus)&#8221;][vc_column_text]<img loading=\"lazy\" decoding=\"async\" class=\"alignnone size-medium wp-image-1579\" src=\"https:\/\/westwelding.fi\/wp-content\/uploads\/2022\/03\/Kuva1-12-VERKKO-300x200.jpg\" alt=\"\" width=\"300\" height=\"200\" \/><\/p>\n<h4><strong>T\u00e4st\u00e4 ei laitteet juuri isommaksi muutu! Tule ty\u00f6skentelem\u00e4\u00e4n yhteen Suomen kovimmista konepajoista.<\/strong><\/h4>\n<p>&nbsp;<\/p>\n<p><strong>West Weldingill\u00e4 p\u00e4\u00e4set ty\u00f6skentelem\u00e4\u00e4n<\/strong> <strong>isojen ja vaativien painelaitteiden parissa<\/strong>. Etsimme nyt pitk\u00e4aikaiseen ty\u00f6suhteeseen <strong>MIG\/MAG-hitsaajaa ja tuotannon ty\u00f6ntekij\u00e4\u00e4<\/strong> teollisten painelaitteiden hitsaukseen ja kokoonpanoon. Hyv\u00e4t tuotantotilamme sijaitsevat Etel\u00e4-Pohjanmaan Teuvalla, 80 km p\u00e4\u00e4ss\u00e4 Vaasasta ja Sein\u00e4joelta.<\/p>\n<p><strong>T\u00e4ss\u00e4 ty\u00f6ss\u00e4 et p\u00e4\u00e4se kyll\u00e4stym\u00e4\u00e4n, sill\u00e4 ty\u00f6nkuva on monipuolinen<\/strong>, eik\u00e4 yksik\u00e4\u00e4n projekti ole t\u00e4ysin samanlainen. Ty\u00f6teht\u00e4viin pystyy my\u00f6s vaikuttamaan oman mielenkiinnon mukaan. Odotamme hakijoilta hyv\u00e4\u00e4 asennetta, vuoroty\u00f6valmiutta ja kyky\u00e4 ty\u00f6skennell\u00e4 osana ammattitaitoista ty\u00f6yhteis\u00f6\u00e4. Ty\u00f6 tehd\u00e4\u00e4n kuitenkin p\u00e4\u00e4osin p\u00e4iv\u00e4vuorossa.<\/p>\n<p><strong>Hitsausmenetelm\u00e4n\u00e4 on p\u00e4\u00e4s\u00e4\u00e4nt\u00f6isesti MIG\/MAG hitsaus.<\/strong> Muiden hitsausmenetelmien, kuten TIG-hitsauksen osaaminen on iso etu. Eduksi luetaan my\u00f6s piirustusten lukutaito.<\/p>\n<p><strong>Tarjoamme ty\u00f6ntekij\u00f6illemme rennon ja mutkattoman ty\u00f6ymp\u00e4rist\u00f6n, kilpailukykyisen palkkauksen, mukavia yhteisi\u00e4 tapahtumia<\/strong> (esim. j\u00e4\u00e4kiekkomatkat, TYKY-tapahtumat ja pikkujoulut) sek\u00e4 Edenredin liikunta- ja kulttuuriedun.<\/p>\n<p>L\u00e4het\u00e4 vapaamuotoinen ty\u00f6hakemus s\u00e4hk\u00f6postilla osoitteeseen:\u00a0<a href=\"mailto:info@westwelding.fi\">info@westwelding.fi<\/a><\/p>\n<p>TAI ota suora yhteys tuotantop\u00e4\u00e4llikk\u00f6 Matti Tuomistoon: puh. +358 50 441 8108 (arkisin klo 9\u201316)[\/vc_column_text][\/toggle][toggle color=&#8221;Accent-Color&#8221; heading_tag=&#8221;default&#8221; heading_tag_functionality=&#8221;default&#8221; title=&#8221;Avoin hakemus&#8221;]<div class=\"wpforms-container wpforms-container-full\" id=\"wpforms-755\"><form id=\"wpforms-form-755\" class=\"wpforms-validate wpforms-form\" data-formid=\"755\" method=\"post\" enctype=\"multipart\/form-data\" action=\"\/sv\/wp-json\/wp\/v2\/pages\/2931?wpforms_form_id=755\" data-token=\"5ea3a6219666237101ea7d08cec4d476\" data-token-time=\"1777742016\"><div class=\"wpforms-head-container\"><div class=\"wpforms-title\">Avoin ty\u00f6hakemus<\/div><\/div><noscript class=\"wpforms-error-noscript\">Aktivera JavaScript i din webbl\u00e4sare f\u00f6r att fylla i formul\u00e4ret.<\/noscript><div class=\"wpforms-field-container\"><div id=\"wpforms-755-field_1-container\" class=\"wpforms-field wpforms-field-name\" data-field-id=\"1\"><label class=\"wpforms-field-label\" for=\"wpforms-755-field_1\">Nimi <span class=\"wpforms-required-label\">*<\/span><\/label><div class=\"wpforms-field-row wpforms-field-large\"><div class=\"wpforms-field-row-block wpforms-first wpforms-one-half\"><input type=\"text\" id=\"wpforms-755-field_1\" class=\"wpforms-field-name-first wpforms-field-required\" name=\"wpforms[fields][1][first]\" placeholder=\"Etunimi\" required><label for=\"wpforms-755-field_1\" class=\"wpforms-field-sublabel after wpforms-sublabel-hide\">F\u00f6rst<\/label><\/div><div class=\"wpforms-field-row-block wpforms-one-half\"><input type=\"text\" id=\"wpforms-755-field_1-last\" class=\"wpforms-field-name-last wpforms-field-required\" name=\"wpforms[fields][1][last]\" placeholder=\"Sukunimi\" required><label for=\"wpforms-755-field_1-last\" class=\"wpforms-field-sublabel after wpforms-sublabel-hide\">Sist<\/label><\/div><\/div><\/div><div id=\"wpforms-755-field_2-container\" class=\"wpforms-field wpforms-field-phone wpforms-one-half wpforms-first\" data-field-id=\"2\"><label class=\"wpforms-field-label\" for=\"wpforms-755-field_2\">Puhelinnumero<\/label><input type=\"tel\" id=\"wpforms-755-field_2\" class=\"wpforms-field-large wpforms-smart-phone-field\" data-rule-smart-phone-field=\"true\" name=\"wpforms[fields][2]\" aria-label=\"Puhelinnumero\" ><\/div><div id=\"wpforms-755-field_5-container\" class=\"wpforms-field wpforms-field-email wpforms-one-half\" data-field-id=\"5\"><label class=\"wpforms-field-label\" for=\"wpforms-755-field_5\">S\u00e4hk\u00f6postiosoite <span class=\"wpforms-required-label\">*<\/span><\/label><input type=\"email\" id=\"wpforms-755-field_5\" class=\"wpforms-field-large wpforms-field-required\" name=\"wpforms[fields][5]\" spellcheck=\"false\" required><\/div><div id=\"wpforms-755-field_6-container\" class=\"wpforms-field wpforms-field-text\" data-field-id=\"6\"><label class=\"wpforms-field-label\" for=\"wpforms-755-field_6\">Katuosoite<\/label><input type=\"text\" id=\"wpforms-755-field_6\" class=\"wpforms-field-large\" name=\"wpforms[fields][6]\" ><\/div><div id=\"wpforms-755-field_7-container\" class=\"wpforms-field wpforms-field-textarea\" data-field-id=\"7\"><label class=\"wpforms-field-label\" for=\"wpforms-755-field_7\">Lis\u00e4tiedot<\/label><textarea id=\"wpforms-755-field_7\" class=\"wpforms-field-medium\" name=\"wpforms[fields][7]\" ><\/textarea><div class=\"wpforms-field-description\">Kerro lis\u00e4\u00e4 sinua kiinnostavista ty\u00f6teht\u00e4vist\u00e4. Kerro, etsitk\u00f6 harjoittelua, oppisopimuspaikkaa, vakituista- vai keikkaty\u00f6t\u00e4. Voit liitt\u00e4\u00e4 mukaan CV:n tai hakemuskirjeen.<\/div><\/div><div id=\"wpforms-755-field_9-container\" class=\"wpforms-field wpforms-field-file-upload\" data-field-id=\"9\"><label class=\"wpforms-field-label\" for=\"wpforms-755-field_9\">Lataa liitteet<\/label><div\n\t\tclass=\"wpforms-uploader \"\n\t\tdata-field-id=\"9\"\n\t\tdata-form-id=\"755\"\n\t\tdata-input-name=\"wpforms_755_9\"\n\t\tdata-extensions=\"doc,docx,pdf,xls,xlsx,odt\"\n\t\tdata-max-size=\"2097152\"\n\t\tdata-max-file-number=\"2\"\n\t\tdata-post-max-size=\"33554432\"\n\t\tdata-max-parallel-uploads=\"4\"\n\t\tdata-parallel-uploads=\"true\"\n\t\tdata-file-chunk-size=\"2097152\">\n\t<div class=\"dz-message\">\n\t\t<svg  viewBox=\"0 0 640 640\" focusable=\"false\" data-icon=\"inbox\" width=\"50px\" height=\"50px\" fill=\"currentColor\" aria-hidden=\"true\">\n\t\t\t<path d=\"M352 173.3L352 384C352 401.7 337.7 416 320 416C302.3 416 288 401.7 288 384L288 173.3L246.6 214.7C234.1 227.2 213.8 227.2 201.3 214.7C188.8 202.2 188.8 181.9 201.3 169.4L297.3 73.4C309.8 60.9 330.1 60.9 342.6 73.4L438.6 169.4C451.1 181.9 451.1 202.2 438.6 214.7C426.1 227.2 405.8 227.2 393.3 214.7L352 173.3zM320 464C364.2 464 400 428.2 400 384L480 384C515.3 384 544 412.7 544 448L544 480C544 515.3 515.3 544 480 544L160 544C124.7 544 96 515.3 96 480L96 448C96 412.7 124.7 384 160 384L240 384C240 428.2 275.8 464 320 464zM464 488C477.3 488 488 477.3 488 464C488 450.7 477.3 440 464 440C450.7 440 440 450.7 440 464C440 477.3 450.7 488 464 488z\"\/>\n\t\t<\/svg>\n\n\t\t<span class=\"modern-title\">\n\t\t\t\t\t\t\tDrag &amp; Drop Files, \t\t\t\t<span>Choose Files to Upload<\/span>\n\t\t\t\t\t<\/span>\n\n\t\t\t\t\t<span class=\"modern-hint\">Du kan ladda upp upp till 2 filer.<\/span>\n\t\t\t<\/div>\n<\/div>\n\n<input\n\t\ttype=\"text\"\n\t\tautocomplete=\"off\"\n\t\treadonly\n\t\tclass=\"dropzone-input\"\n\t\tstyle=\"position:absolute!important;clip:rect(0,0,0,0)!important;height:1px!important;width:1px!important;border:0!important;overflow:hidden!important;padding:0!important;margin:0!important;\"\n\t\tid=\"wpforms-755-field_9\"\n\t\tname=\"wpforms_755_9\" \t\tvalue=\"\">\n<div class=\"wpforms-field-description\">Sallitut tiedostomuodot: .doc,.docx,.pdf,.xls,.xlsx,.odt\r\nMax. koko 2 MB<\/div><\/div><div id=\"wpforms-755-field_8-container\" class=\"wpforms-field wpforms-field-checkbox\" data-field-id=\"8\"><label class=\"wpforms-field-label\">Voit halutessasi t\u00e4sment\u00e4\u00e4 sinua kiinnostavat ty\u00f6teht\u00e4v\u00e4t:<\/label><ul id=\"wpforms-755-field_8\"><li class=\"choice-1 depth-1\"><input type=\"checkbox\" id=\"wpforms-755-field_8_1\" name=\"wpforms[fields][8][]\" value=\"Tuotanto\"  ><label class=\"wpforms-field-label-inline\" for=\"wpforms-755-field_8_1\">Tuotanto<\/label><\/li><li class=\"choice-2 depth-1\"><input type=\"checkbox\" id=\"wpforms-755-field_8_2\" name=\"wpforms[fields][8][]\" value=\"Suunnittelu\"  ><label class=\"wpforms-field-label-inline\" for=\"wpforms-755-field_8_2\">Suunnittelu<\/label><\/li><li class=\"choice-3 depth-1\"><input type=\"checkbox\" id=\"wpforms-755-field_8_3\" name=\"wpforms[fields][8][]\" value=\"Myynti ja markkinointi\"  ><label class=\"wpforms-field-label-inline\" for=\"wpforms-755-field_8_3\">Myynti ja markkinointi<\/label><\/li><li class=\"choice-4 depth-1\"><input type=\"checkbox\" id=\"wpforms-755-field_8_4\" name=\"wpforms[fields][8][]\" value=\"Taloushallinto\"  ><label class=\"wpforms-field-label-inline\" for=\"wpforms-755-field_8_4\">Taloushallinto<\/label><\/li><\/ul><\/div><div id=\"wpforms-755-field_10-container\" class=\"wpforms-field wpforms-field-gdpr-checkbox\" data-field-id=\"10\"><label class=\"wpforms-field-label wpforms-label-hide\">GDPR <span class=\"wpforms-required-label\">*<\/span><\/label><ul id=\"wpforms-755-field_10\" class=\"wpforms-field-required\"><li class=\"choice-1\"><input type=\"checkbox\" id=\"wpforms-755-field_10_1\" name=\"wpforms[fields][10][]\" value=\"L\u00e4hett\u00e4m\u00e4ll\u00e4 lomakkeen hyv\u00e4ksyn tietojeni k\u00e4yt\u00f6n alatunnisteessa olevan tietosuojaselosteen mukaan.\" required ><label class=\"wpforms-field-label-inline\" for=\"wpforms-755-field_10_1\">L\u00e4hett\u00e4m\u00e4ll\u00e4 lomakkeen hyv\u00e4ksyn tietojeni k\u00e4yt\u00f6n alatunnisteessa olevan tietosuojaselosteen mukaan. <span class=\"wpforms-required-label\">*<\/span><\/label><\/li><\/ul><\/div><\/div><!-- .wpforms-field-container --><div class=\"wpforms-field wpforms-field-hp\"><label for=\"wpforms-755-field-hp\" class=\"wpforms-field-label\">Email<\/label><input type=\"text\" name=\"wpforms[hp]\" id=\"wpforms-755-field-hp\" class=\"wpforms-field-medium\"><\/div><div class=\"wpforms-recaptcha-container wpforms-is-recaptcha wpforms-is-recaptcha-type-invisible\" ><div class=\"g-recaptcha\" data-sitekey=\"6Lc4ZHcaAAAAAEO10-PGyeAC899VX5xDMC5fVvoP\" data-size=\"invisible\"><\/div><\/div><div class=\"wpforms-submit-container\" ><input type=\"hidden\" name=\"wpforms[id]\" value=\"755\"><input type=\"hidden\" name=\"page_title\" value=\"\"><input type=\"hidden\" name=\"page_url\" value=\"https:\/\/westwelding.fi\/sv\/wp-json\/wp\/v2\/pages\/2931\"><input type=\"hidden\" name=\"url_referer\" value=\"\"><button type=\"submit\" name=\"wpforms[submit]\" id=\"wpforms-submit-755\" class=\"wpforms-submit\" data-alt-text=\"L\u00e4hett\u00e4\u00e4...\" data-submit-text=\"L\u00e4het\u00e4\" aria-live=\"assertive\" value=\"wpforms-submit\">L\u00e4het\u00e4<\/button><\/div><\/form><\/div>  <!-- .wpforms-container -->[vc_column_text][\/vc_column_text][\/toggle][\/toggles][\/vc_column][\/vc_row]\n","protected":false},"excerpt":{"rendered":"<p>[vc_row type=&#8221;full_width_background&#8221; full_screen_row_position=&#8221;middle&#8221; column_margin=&#8221;default&#8221; equal_height=&#8221;yes&#8221; content_placement=&#8221;middle&#8221; column_direction=&#8221;default&#8221; column_direction_tablet=&#8221;default&#8221; column_direction_phone=&#8221;default&#8221; bg_image=&#8221;19&#8243; bg_position=&#8221;center center&#8221; background_image_loading=&#8221;default&#8221; bg_repeat=&#8221;no-repeat&#8221; scene_position=&#8221;center&#8221; top_padding=&#8221;12%&#8221; bottom_padding=&#8221;8%&#8221; text_color=&#8221;dark&#8221; text_align=&#8221;left&#8221; row_border_radius=&#8221;none&#8221; row_border_radius_applies=&#8221;bg&#8221;&#8230;<\/p>\n","protected":false},"author":1,"featured_media":0,"parent":2939,"menu_order":20,"comment_status":"closed","ping_status":"closed","template":"","meta":{"footnotes":""},"class_list":["post-2931","page","type-page","status-publish"],"_links":{"self":[{"href":"https:\/\/westwelding.fi\/sv\/wp-json\/wp\/v2\/pages\/2931","targetHints":{"allow":["GET"]}}],"collection":[{"href":"https:\/\/westwelding.fi\/sv\/wp-json\/wp\/v2\/pages"}],"about":[{"href":"https:\/\/westwelding.fi\/sv\/wp-json\/wp\/v2\/types\/page"}],"author":[{"embeddable":true,"href":"https:\/\/westwelding.fi\/sv\/wp-json\/wp\/v2\/users\/1"}],"replies":[{"embeddable":true,"href":"https:\/\/westwelding.fi\/sv\/wp-json\/wp\/v2\/comments?post=2931"}],"version-history":[{"count":3,"href":"https:\/\/westwelding.fi\/sv\/wp-json\/wp\/v2\/pages\/2931\/revisions"}],"predecessor-version":[{"id":2960,"href":"https:\/\/westwelding.fi\/sv\/wp-json\/wp\/v2\/pages\/2931\/revisions\/2960"}],"up":[{"embeddable":true,"href":"https:\/\/westwelding.fi\/sv\/wp-json\/wp\/v2\/pages\/2939"}],"wp:attachment":[{"href":"https:\/\/westwelding.fi\/sv\/wp-json\/wp\/v2\/media?parent=2931"}],"curies":[{"name":"wp","href":"https:\/\/api.w.org\/{rel}","templated":true}]}}